{"id":1617,"date":"2024-09-24T19:38:30","date_gmt":"2024-09-24T19:38:30","guid":{"rendered":"https:\/\/wot-el.com\/wp\/?page_id=1617"},"modified":"2024-09-27T18:23:57","modified_gmt":"2024-09-27T18:23:57","slug":"podziekowania-2","status":"publish","type":"page","link":"https:\/\/wot-el.com\/wp\/podziekowania-2\/","title":{"rendered":"PODZI\u0118KOWANIA"},"content":{"rendered":"<p>[et_pb_section fb_built=&#8221;1&#8243; _builder_version=&#8221;4.25.1&#8243; _module_preset=&#8221;default&#8221; background_color=&#8221;#262828&#8243; custom_padding=&#8221;0px||0px|||&#8221; global_module=&#8221;1560&#8243; saved_tabs=&#8221;all&#8221; global_colors_info=&#8221;{}&#8221;][et_pb_row _builder_version=&#8221;4.25.1&#8243; _module_preset=&#8221;default&#8221; custom_padding=&#8221;11px||||false|false&#8221; global_colors_info=&#8221;{}&#8221;][et_pb_column type=&#8221;4_4&#8243; _builder_version=&#8221;4.25.1&#8243; _module_preset=&#8221;default&#8221; global_colors_info=&#8221;{}&#8221;][et_pb_menu menu_id=&#8221;10&#8243; active_link_color=&#8221;#BEBEBE&#8221; logo=&#8221;https:\/\/wot-el.com\/wp\/wp-content\/uploads\/2024\/05\/wotel5.png&#8221; _builder_version=&#8221;4.27.0&#8243; _module_preset=&#8221;default&#8221; menu_font=&#8221;Poppins|500|||||||&#8221; menu_text_color=&#8221;#BEBEBE&#8221; background_color=&#8221;#262828&#8243; text_orientation=&#8221;right&#8221; global_colors_info=&#8221;{}&#8221;][\/et_pb_menu][\/et_pb_column][\/et_pb_row][\/et_pb_section][et_pb_section fb_built=&#8221;1&#8243; _builder_version=&#8221;4.27.0&#8243; _module_preset=&#8221;default&#8221; background_color=&#8221;#e5e5e5&#8243; background_image=&#8221;https:\/\/wot-el.com\/wp\/wp-content\/uploads\/2024\/06\/bg-light.svg&#8221; custom_margin=&#8221;||||false|false&#8221; locked=&#8221;off&#8221; global_colors_info=&#8221;{}&#8221;][et_pb_row _builder_version=&#8221;4.27.0&#8243; _module_preset=&#8221;default&#8221; hover_enabled=&#8221;0&#8243; global_colors_info=&#8221;{}&#8221; custom_padding=&#8221;||8px||false|false&#8221; sticky_enabled=&#8221;0&#8243;][et_pb_column type=&#8221;4_4&#8243; _builder_version=&#8221;4.25.1&#8243; _module_preset=&#8221;default&#8221; global_colors_info=&#8221;{}&#8221;][et_pb_text _builder_version=&#8221;4.25.1&#8243; _module_preset=&#8221;default&#8221; header_font=&#8221;Teko|500|||||||&#8221; header_font_size=&#8221;60px&#8221; global_colors_info=&#8221;{}&#8221;]<\/p>\n<h1 style=\"text-align: center;\">PODZI\u0118KOWANIA<\/h1>\n<p>[\/et_pb_text][\/et_pb_column][\/et_pb_row][\/et_pb_section][et_pb_section fb_built=&#8221;1&#8243; _builder_version=&#8221;4.27.0&#8243; _module_preset=&#8221;default&#8221; background_image=&#8221;https:\/\/wot-el.com\/wp\/wp-content\/uploads\/2024\/09\/podziekowania2.jpg&#8221; global_colors_info=&#8221;{}&#8221;][et_pb_row column_structure=&#8221;1_3,1_3,1_3&#8243; _builder_version=&#8221;4.27.0&#8243; _module_preset=&#8221;default&#8221; custom_padding=&#8221;||0px|||&#8221; global_colors_info=&#8221;{}&#8221;][et_pb_column type=&#8221;1_3&#8243; _builder_version=&#8221;4.27.0&#8243; _module_preset=&#8221;default&#8221; global_colors_info=&#8221;{}&#8221;][\/et_pb_column][et_pb_column type=&#8221;1_3&#8243; _builder_version=&#8221;4.27.0&#8243; _module_preset=&#8221;default&#8221; global_colors_info=&#8221;{}&#8221;][et_pb_text _builder_version=&#8221;4.27.0&#8243; _module_preset=&#8221;default&#8221; text_font=&#8221;&#8211;et_global_heading_font||||||||&#8221; text_text_color=&#8221;#006600&#8243; text_font_size=&#8221;17px&#8221; text_letter_spacing=&#8221;1px&#8221; custom_margin=&#8221;10px||10px||false|false&#8221; global_colors_info=&#8221;{}&#8221;]<\/p>\n<p style=\"text-align: left;\">Zieloni Wilczkowice<\/p>\n<p>[\/et_pb_text][et_pb_gallery gallery_ids=&#8221;1355&#8243; fullwidth=&#8221;on&#8221; _builder_version=&#8221;4.27.0&#8243; _module_preset=&#8221;default&#8221; custom_css_after=&#8221;margin-bottom: 0!important;&#8221; custom_css_gallery_item=&#8221;margin-bottom: 0!important;&#8221; border_color_all=&#8221;#D81111&#8243; box_shadow_style=&#8221;preset2&#8243; box_shadow_blur=&#8221;6px&#8221; box_shadow_color=&#8221;rgba(0,0,0,0.2)&#8221; global_colors_info=&#8221;{}&#8221;][\/et_pb_gallery][\/et_pb_column][et_pb_column type=&#8221;1_3&#8243; _builder_version=&#8221;4.27.0&#8243; _module_preset=&#8221;default&#8221; global_colors_info=&#8221;{}&#8221;][\/et_pb_column][\/et_pb_row][\/et_pb_section][et_pb_section fb_built=&#8221;1&#8243; _builder_version=&#8221;4.27.0&#8243; _module_preset=&#8221;default&#8221; background_color=&#8221;#262828&#8243; background_image=&#8221;https:\/\/wot-el.com\/wp\/wp-content\/uploads\/2024\/09\/telko1.jpg&#8221; locked=&#8221;off&#8221; global_colors_info=&#8221;{}&#8221;][et_pb_row column_structure=&#8221;2_5,3_5&#8243; _builder_version=&#8221;4.27.0&#8243; _module_preset=&#8221;default&#8221; global_colors_info=&#8221;{}&#8221;][et_pb_column type=&#8221;2_5&#8243; _builder_version=&#8221;4.27.0&#8243; _module_preset=&#8221;default&#8221; border_width_right=&#8221;1px&#8221; border_color_right=&#8221;#BEBEBE&#8221; global_colors_info=&#8221;{}&#8221;][et_pb_text _builder_version=&#8221;4.27.0&#8243; _module_preset=&#8221;default&#8221; text_text_color=&#8221;#FFFFFF&#8221; header_font=&#8221;Teko|500|||||||&#8221; header_text_color=&#8221;#FFFFFF&#8221; header_font_size=&#8221;60px&#8221; saved_tabs=&#8221;all&#8221; global_colors_info=&#8221;{}&#8221;]<\/p>\n<h1 style=\"text-align: left;\">DANE FIRMY<\/h1>\n<p>[\/et_pb_text][et_pb_text _builder_version=&#8221;4.27.0&#8243; _module_preset=&#8221;default&#8221; text_font=&#8221;Poppins|600|||||||&#8221; text_text_color=&#8221;#FFFFFF&#8221; text_font_size=&#8221;20px&#8221; header_font=&#8221;Poppins|600|||||||&#8221; header_text_color=&#8221;#006600&#8243; background_layout=&#8221;dark&#8221; global_colors_info=&#8221;{}&#8221;]<\/p>\n<p style=\"text-align: left;\"><img decoding=\"async\" src=\"https:\/\/wot-el.com\/wp\/wp-content\/uploads\/2024\/09\/marker-icon.png\" align=\"top\" alt=\"mail icon\" style=\"float: left; width: 32px; height: 42px;\" \/><span>\u00a0\u00a0ul. Wroc\u0142awska 54<br \/>\u00a0\u00a055-065 Jordan\u00f3w \u015al\u0105ski<\/span><\/p>\n<p>[\/et_pb_text][et_pb_text _builder_version=&#8221;4.27.0&#8243; _module_preset=&#8221;default&#8221; text_font=&#8221;Poppins|600|||||||&#8221; text_text_color=&#8221;#FFFFFF&#8221; text_font_size=&#8221;20px&#8221; header_font=&#8221;Poppins|600|||||||&#8221; header_text_color=&#8221;#006600&#8243; background_layout=&#8221;dark&#8221; link_option_url=&#8221;mailto:biuro@wot-el.com&#8221; global_colors_info=&#8221;{}&#8221;]<\/p>\n<p style=\"text-align: left;\"><img decoding=\"async\" src=\"https:\/\/wot-el.com\/wp\/wp-content\/uploads\/2024\/09\/mail-icon-white.png\" alt=\"mail icon\" style=\"width: 32px; height: 24px;\" \/><span>\u00a0 biuro@wot-el.com<\/span><\/p>\n<p>[\/et_pb_text][et_pb_text _builder_version=&#8221;4.27.0&#8243; _module_preset=&#8221;default&#8221; text_font=&#8221;Poppins||||||||&#8221; text_text_color=&#8221;#FFFFFF&#8221; text_font_size=&#8221;20px&#8221; header_font=&#8221;Poppins|600|||||||&#8221; header_text_color=&#8221;#006600&#8243; background_layout=&#8221;dark&#8221; global_colors_info=&#8221;{}&#8221;]<\/p>\n<p style=\"text-align: left;\"><img decoding=\"async\" src=\"https:\/\/wot-el.com\/wp\/wp-content\/uploads\/2024\/09\/info-icon.png\" alt=\"mail icon\" align=\"top\" style=\"float: left; width: 32px; height: 32px;\" \/><span>\u00a0\u00a0<strong>Wot-el Elektrotechnika<\/strong><br \/>\u00a0\u00a0<strong>Kacper Rakowiecki<\/strong><br \/>\u00a0\u00a0\u00a0\u00a0\u00a0\u00a0\u00a0\u00a0ul. Zakopia\u0144ska 83<br \/>\u00a0\u00a0\u00a0\u00a0\u00a0\u00a0\u00a0\u00a054-031 Wroc\u0142aw<br \/>\u00a0\u00a0\u00a0\u00a0\u00a0\u00a0\u00a0\u00a0<strong>NIP<\/strong> 6681933077<br \/>\u00a0\u00a0\u00a0\u00a0\u00a0\u00a0\u00a0\u00a0<strong>REGON<\/strong> 364771103<\/span><\/p>\n<p>[\/et_pb_text][\/et_pb_column][et_pb_column type=&#8221;3_5&#8243; _builder_version=&#8221;4.27.0&#8243; _module_preset=&#8221;default&#8221; global_colors_info=&#8221;{}&#8221;][et_pb_code _builder_version=&#8221;4.27.0&#8243; _module_preset=&#8221;default&#8221; text_orientation=&#8221;right&#8221; global_colors_info=&#8221;{}&#8221;]<iframe src=\"https:\/\/www.google.com\/maps\/embed?pb=!1m18!1m12!1m3!1d1058.7809968334307!2d16.865158707588467!3d50.864130659000715!2m3!1f0!2f0!3f0!3m2!1i1024!2i768!4f13.1!3m3!1m2!1s0x470fcdc6d38de70d%3A0x1ac376eea69986d4!2sWOT-%20EL%20elektrotechnika!5e0!3m2!1spl!2spl!4v1725294748153!5m2!1spl!2spl\" width=\"600\" height=\"400\" style=\"border:0;\" allowfullscreen=\"\" loading=\"lazy\" referrerpolicy=\"no-referrer-when-downgrade\"><\/iframe>[\/et_pb_code][\/et_pb_column][\/et_pb_row][\/et_pb_section]<\/p>\n","protected":false},"excerpt":{"rendered":"<p>PODZI\u0118KOWANIAZieloni WilczkowiceDANE FIRMY\u00a0\u00a0ul. Wroc\u0142awska 54\u00a0\u00a055-065 Jordan\u00f3w \u015al\u0105ski\u00a0 biuro@wot-el.com\u00a0\u00a0Wot-el Elektrotechnika\u00a0\u00a0Kacper Rakowiecki\u00a0\u00a0\u00a0\u00a0\u00a0\u00a0\u00a0\u00a0ul. Zakopia\u0144ska 83\u00a0\u00a0\u00a0\u00a0\u00a0\u00a0\u00a0\u00a054-031 Wroc\u0142aw\u00a0\u00a0\u00a0\u00a0\u00a0\u00a0\u00a0\u00a0NIP 6681933077\u00a0\u00a0\u00a0\u00a0\u00a0\u00a0\u00a0\u00a0REGON 364771103<\/p>\n","protected":false},"author":1,"featured_media":0,"parent":0,"menu_order":0,"comment_status":"closed","ping_status":"closed","template":"page-template-blank.php","meta":{"_et_pb_use_builder":"on","_et_pb_old_content":"","_et_gb_content_width":"","footnotes":""},"class_list":["post-1617","page","type-page","status-publish","hentry"],"_links":{"self":[{"href":"https:\/\/wot-el.com\/wp\/wp-json\/wp\/v2\/pages\/1617","targetHints":{"allow":["GET"]}}],"collection":[{"href":"https:\/\/wot-el.com\/wp\/wp-json\/wp\/v2\/pages"}],"about":[{"href":"https:\/\/wot-el.com\/wp\/wp-json\/wp\/v2\/types\/page"}],"author":[{"embeddable":true,"href":"https:\/\/wot-el.com\/wp\/wp-json\/wp\/v2\/users\/1"}],"replies":[{"embeddable":true,"href":"https:\/\/wot-el.com\/wp\/wp-json\/wp\/v2\/comments?post=1617"}],"version-history":[{"count":3,"href":"https:\/\/wot-el.com\/wp\/wp-json\/wp\/v2\/pages\/1617\/revisions"}],"predecessor-version":[{"id":1707,"href":"https:\/\/wot-el.com\/wp\/wp-json\/wp\/v2\/pages\/1617\/revisions\/1707"}],"wp:attachment":[{"href":"https:\/\/wot-el.com\/wp\/wp-json\/wp\/v2\/media?parent=1617"}],"curies":[{"name":"wp","href":"https:\/\/api.w.org\/{rel}","templated":true}]}}